{"id":605,"date":"2025-05-14T19:46:47","date_gmt":"2025-05-14T19:46:47","guid":{"rendered":"https:\/\/actfem.org\/artes-escenicas-tecnologia-y-pensamiento-critico\/"},"modified":"2026-04-30T15:14:39","modified_gmt":"2026-04-30T15:14:39","slug":"artes-escenicas-tecnologia-y-pensamiento-critico","status":"publish","type":"page","link":"https:\/\/actfem.org\/es\/","title":{"rendered":"Artes esc\u00e9nicas, tecnolog\u00eda y pensamiento cr\u00edtico"},"content":{"rendered":"<p><img decoding=\"async\" title=\"\" src=\"https:\/\/pbs.twimg.com\/media\/GOmKNRkWoAEr2SZ?format=jpg&amp;name=large\" alt=\"Actfem actuando\" \/><\/p>\n<h1><strong>#ACTFEM J\u00f3venes que act\u00faan y se empoderan<\/strong><\/h1>\n<p><strong>J\u00f3venes que ACT\u00faan y se EMpoderan \u2013 #ACTFEM<\/strong> es un proyecto de 28 meses que se lleva a cabo en Espa\u00f1a, Ruman\u00eda y Grecia, dedicado a empoderar a mujeres j\u00f3venes vulnerables de entre 16 y 20 a\u00f1os. Al combinar teatro, artes esc\u00e9nicas y tecnolog\u00edas digitales aplicadas, la iniciativa proporciona herramientas para la creatividad, el pensamiento cr\u00edtico y el autoempoderamiento para apoyar su inclusi\u00f3n educativa y social.<\/p>\n<p>A trav\u00e9s de la formaci\u00f3n pr\u00e1ctica, el intercambio internacional y la creaci\u00f3n colaborativa, las participantes forman grupos de teatro que integran la innovaci\u00f3n digital y la sostenibilidad en sus actuaciones. Al hacerlo, #ACTFEM no solo fortalece la igualdad de g\u00e9nero y la diversidad, sino que tambi\u00e9n fomenta nuevas oportunidades para la ciudadan\u00eda activa y el desarrollo comunitario duradero.<\/p>\n<p><strong>PROYECTO COFINANCIADO POR EUROPA CREATIVA<\/strong><\/p>\n<p><strong>Duraci\u00f3n: <\/strong>28 meses<\/p>\n<p><b>Inicio<\/b>: 01 Octubre 2024<\/p>\n<p><b>Fin<\/b>: 31 Enero 2027<\/p>\n<p>Cofinanciado por la Uni\u00f3n Europea. Sin embargo, las opiniones y puntos de vista expresados \u200b\u200bson \u00fanicamente de sus autoras y no reflejan necesariamente los de la Uni\u00f3n Europea o la Agencia Ejecutiva Europea de Educaci\u00f3n y Cultura (EACEA). Ni la Uni\u00f3n Europea ni la EACEA pueden considerarse responsables de ellos.<\/p>\n<p><img fetchpriority=\"high\" decoding=\"async\" class=\"alignnone size-full wp-image-695\" src=\"https:\/\/actfem.org\/wp-content\/uploads\/2026\/04\/Donors2026.jpg\" alt=\"Donors 2026\" width=\"2000\" height=\"200\" srcset=\"https:\/\/actfem.org\/wp-content\/uploads\/2026\/04\/Donors2026.jpg 2000w, https:\/\/actfem.org\/wp-content\/uploads\/2026\/04\/Donors2026-300x30.jpg 300w, https:\/\/actfem.org\/wp-content\/uploads\/2026\/04\/Donors2026-1024x102.jpg 1024w, https:\/\/actfem.org\/wp-content\/uploads\/2026\/04\/Donors2026-768x77.jpg 768w, https:\/\/actfem.org\/wp-content\/uploads\/2026\/04\/Donors2026-1536x154.jpg 1536w\" sizes=\"(max-width: 2000px) 100vw, 2000px\" \/><\/p>\n<h3>Con la colaboraci\u00f3n de:<\/h3>\n<ul>\n<li>Aula de acogida del <strong>Instituto Bisbe Berenguer<\/strong> de L&#8217;Hospitalet de Llobregat,<\/li>\n<li><strong>Marie-Monique Schaper<\/strong>, <strong>Rosa Gil<\/strong>, <strong>Merc\u00e8 Teixid\u00f3 Cairol<\/strong> <a href=\"https:\/\/www.eps.udl.cat\/ca\/noticies\/Professorat-i-alumnat-del-Grau-en-Disseny-Digital-i-Tecnologies-Creatives-participen-en-lobra-Perfectament-Imperfectes-del-programa-ACTFEM\/\" target=\"_blank\" rel=\"noopener\">Department of Computer Engineering and Digital Design, Escola Polit\u00e8cnica Superior, <strong>Universitat de Lleida<\/strong><\/a><\/li>\n<li><a href=\"https:\/\/www.upf.edu\/web\/master-investigacio-comunicacio\/profesorat\/-\/asset_publisher\/Bm5dQSWD0KaM\/content\/medina-bravo-pilar\/35446147\" target=\"_blank\" rel=\"noopener\"><strong>Pilar Medina Bravo<\/strong><\/a>, <strong>Mittzy Jennifer Arciniega C\u00e1ceres<\/strong>,\u00a0 M\u00e0ster Universitari en Investigaci\u00f3 i Innovaci\u00f3 en Comunicaci\u00f3, <strong>Universitat Pompeu Fabra, Barcelona<\/strong><\/li>\n<\/ul>\n","protected":false},"excerpt":{"rendered":"<p>#ACTFEM J\u00f3venes que act\u00faan y se empoderan J\u00f3venes que ACT\u00faan y se EMpoderan \u2013 #ACTFEM es un proyecto de 28 meses que se lleva a cabo en Espa\u00f1a, Ruman\u00eda y Grecia, dedicado a empoderar a mujeres j\u00f3venes vulnerables de entre 16 y 20 a\u00f1os. Al combinar teatro, artes esc\u00e9nicas y tecnolog\u00edas digitales aplicadas, la iniciativa [&hellip;]<\/p>\n","protected":false},"author":1,"featured_media":0,"parent":0,"menu_order":0,"comment_status":"closed","ping_status":"closed","template":"","meta":{"footnotes":""},"class_list":["post-605","page","type-page","status-publish","hentry"],"_links":{"self":[{"href":"https:\/\/actfem.org\/es\/wp-json\/wp\/v2\/pages\/605","targetHints":{"allow":["GET"]}}],"collection":[{"href":"https:\/\/actfem.org\/es\/wp-json\/wp\/v2\/pages"}],"about":[{"href":"https:\/\/actfem.org\/es\/wp-json\/wp\/v2\/types\/page"}],"author":[{"embeddable":true,"href":"https:\/\/actfem.org\/es\/wp-json\/wp\/v2\/users\/1"}],"replies":[{"embeddable":true,"href":"https:\/\/actfem.org\/es\/wp-json\/wp\/v2\/comments?post=605"}],"version-history":[{"count":2,"href":"https:\/\/actfem.org\/es\/wp-json\/wp\/v2\/pages\/605\/revisions"}],"predecessor-version":[{"id":696,"href":"https:\/\/actfem.org\/es\/wp-json\/wp\/v2\/pages\/605\/revisions\/696"}],"wp:attachment":[{"href":"https:\/\/actfem.org\/es\/wp-json\/wp\/v2\/media?parent=605"}],"curies":[{"name":"wp","href":"https:\/\/api.w.org\/{rel}","templated":true}]}}