{"id":620,"date":"2025-09-13T14:45:36","date_gmt":"2025-09-13T14:45:36","guid":{"rendered":"https:\/\/actfem.org\/socias\/"},"modified":"2026-01-11T22:48:31","modified_gmt":"2026-01-11T22:48:31","slug":"socias","status":"publish","type":"page","link":"https:\/\/actfem.org\/es\/socias\/","title":{"rendered":"Socias"},"content":{"rendered":"\t\t<div data-elementor-type=\"wp-page\" data-elementor-id=\"620\" class=\"elementor elementor-620 elementor-524\" data-elementor-post-type=\"page\">\n\t\t\t\t<div class=\"elementor-element elementor-element-47d62f5 e-grid e-con-boxed e-con e-parent\" data-id=\"47d62f5\" data-element_type=\"container\" data-e-type=\"container\" data-settings=\"{&quot;shape_divider_top&quot;:&quot;mountains&quot;}\">\n\t\t\t\t\t<div class=\"e-con-inner\">\n\t\t\t\t<div class=\"elementor-shape elementor-shape-top\" aria-hidden=\"true\" data-negative=\"false\">\n\t\t\t<svg xmlns=\"http:\/\/www.w3.org\/2000\/svg\" viewBox=\"0 0 1000 100\" preserveAspectRatio=\"none\">\n\t<path class=\"elementor-shape-fill\" opacity=\"0.33\" d=\"M473,67.3c-203.9,88.3-263.1-34-320.3,0C66,119.1,0,59.7,0,59.7V0h1000v59.7 c0,0-62.1,26.1-94.9,29.3c-32.8,3.3-62.8-12.3-75.8-22.1C806,49.6,745.3,8.7,694.9,4.7S492.4,59,473,67.3z\"\/>\n\t<path class=\"elementor-shape-fill\" opacity=\"0.66\" d=\"M734,67.3c-45.5,0-77.2-23.2-129.1-39.1c-28.6-8.7-150.3-10.1-254,39.1 s-91.7-34.4-149.2,0C115.7,118.3,0,39.8,0,39.8V0h1000v36.5c0,0-28.2-18.5-92.1-18.5C810.2,18.1,775.7,67.3,734,67.3z\"\/>\n\t<path class=\"elementor-shape-fill\" d=\"M766.1,28.9c-200-57.5-266,65.5-395.1,19.5C242,1.8,242,5.4,184.8,20.6C128,35.8,132.3,44.9,89.9,52.5C28.6,63.7,0,0,0,0 h1000c0,0-9.9,40.9-83.6,48.1S829.6,47,766.1,28.9z\"\/>\n<\/svg>\t\t<\/div>\n\t\t<div class=\"elementor-element elementor-element-c961008 e-con-full e-flex e-con e-child\" data-id=\"c961008\" data-element_type=\"container\" data-e-type=\"container\">\n\t\t\t\t<div class=\"elementor-element elementor-element-b01376d elementor-widget elementor-widget-image\" data-id=\"b01376d\" data-element_type=\"widget\" data-e-type=\"widget\" data-widget_type=\"image.default\">\n\t\t\t\t\t\t\t\t\t\t\t\t\t\t\t\t<a href=\"https:\/\/plaudite.org\" target=\"_blank\">\n\t\t\t\t\t\t\t<img decoding=\"async\" src=\"https:\/\/plaudite.org\/wp-content\/uploads\/2025\/01\/Logo_Plaudite_Teatre_EAE-1.png\" title=\"\" alt=\"\" loading=\"lazy\" \/>\t\t\t\t\t\t\t\t<\/a>\n\t\t\t\t\t\t\t\t\t\t\t\t\t\t\t<\/div>\n\t\t\t\t<div class=\"elementor-element elementor-element-a4a542e elementor-widget elementor-widget-image\" data-id=\"a4a542e\" data-element_type=\"widget\" data-e-type=\"widget\" data-widget_type=\"image.default\">\n\t\t\t\t\t\t\t\t\t\t\t\t\t\t\t\t<a href=\"https:\/\/transcena.ro\/\" target=\"_blank\">\n\t\t\t\t\t\t\t<img decoding=\"async\" src=\"https:\/\/actfem.org\/wp-content\/uploads\/2025\/09\/LOGO_TRANSCENA.png\" title=\"\" alt=\"LOGO_TRANSCENA\" loading=\"lazy\" \/>\t\t\t\t\t\t\t\t<\/a>\n\t\t\t\t\t\t\t\t\t\t\t\t\t\t\t<\/div>\n\t\t\t\t<div class=\"elementor-element elementor-element-17c9a42 elementor-widget elementor-widget-image\" data-id=\"17c9a42\" data-element_type=\"widget\" data-e-type=\"widget\" data-widget_type=\"image.default\">\n\t\t\t\t\t\t\t\t\t\t\t\t\t\t\t\t<a href=\"https:\/\/theatroedu.gr\" target=\"_blank\">\n\t\t\t\t\t\t\t<img decoding=\"async\" src=\"https:\/\/actfem.org\/wp-content\/uploads\/2025\/09\/LOGO_TENet.jpg\" title=\"\" alt=\"LOGO_TENet\" loading=\"lazy\" \/>\t\t\t\t\t\t\t\t<\/a>\n\t\t\t\t\t\t\t\t\t\t\t\t\t\t\t<\/div>\n\t\t\t\t<\/div>\n\t\t\t\t<div class=\"elementor-element elementor-element-1c4ac67 elementor-widget elementor-widget-text-editor\" data-id=\"1c4ac67\" data-element_type=\"widget\" data-e-type=\"widget\" data-widget_type=\"text-editor.default\">\n\t\t\t\t\t\t\t\t\t<p><strong>SOCIOS:<\/strong><\/p><ul><li><a href=\"https:\/\/plaudite.org\/en\/\" target=\"_blank\" rel=\"noopener\">PL\u00c0UDITE TEATRE &#8211; Espai d&#8217;Arts Esc\u00e8niques (<\/a>Espa\u00f1a<a href=\"https:\/\/plaudite.org\/en\/\">) &#8211; <\/a><a href=\"https:\/\/plaudite.org\/en\/\">Coordinador<\/a><\/li><\/ul><ul><li><a href=\"https:\/\/transcena.ro\/\" target=\"_blank\" rel=\"noopener\">ASOCIATIA<\/a> <a href=\"https:\/\/transcena.ro\/\">TRANSCENA<\/a> (Ruman\u00eda)<\/li><\/ul><ul><li><a href=\"https:\/\/theatroedu.gr\/en\/\" target=\"_blank\" rel=\"noopener\">PANELLINIO DIKTYO GIA TO THEATRO STIN EKPAIDEFSI \u2013 <\/a><a href=\"https:\/\/theatroedu.gr\/en\/\">TENet<\/a><a href=\"https:\/\/theatroedu.gr\/en\/\">-Gr <\/a>(Greece)<\/li><\/ul>\t\t\t\t\t\t\t\t<\/div>\n\t\t\t\t<div class=\"elementor-element elementor-element-1855edd elementor-widget elementor-widget-text-editor\" data-id=\"1855edd\" data-element_type=\"widget\" data-e-type=\"widget\" data-widget_type=\"text-editor.default\">\n\t\t\t\t\t\t\t\t\t<p><strong>COLABORACI\u00d3N:<\/strong><\/p><p><span class=\"Y2IQFc\" lang=\"en\"><strong><a href=\"https:\/\/agora.xtec.cat\/ies-bisbe-berenguer\/\">Instituto Bisbe Berenguer<\/a><\/strong> en L&#8217;Hospitalet de Llobregat, Barcelona  <\/span><\/p><p><strong><a href=\"https:\/\/scholar.google.dk\/citations?user=6FbnC9kAAAAJ&amp;hl\">Marie-Monique Schaper<\/a><\/strong> Departamento de Ingenier\u00eda Inform\u00e1tica y Dise\u00f1o Digital, Escola Polit\u00e8cnica Superior, Universitat de Lleida<\/p><p><strong><a href=\"https:\/\/www.upf.edu\/web\/master-investigacio-comunicacio\/profesorat\/-\/asset_publisher\/Bm5dQSWD0KaM\/content\/medina-bravo-pilar\/35446147\/\">Pilar Medina-Bravo<\/a> <\/strong>M\u00e1ster en Investigaci\u00f3n e Innovaci\u00f3n en Comunicaci\u00f3n, Universitat Pompeu Fabra, Barcelona<\/p><p><a href=\"https:\/\/www.upf.edu\/es\/web\/master-in-digital-culture-emerging-media\/lecturers\/-\/asset_publisher\/9LqRsynTZXwq\/content\/arciniega-c%C3%A1ceres-mittzy-jennifer-3-\/35446147\/maximized\"><strong>Mittzy Jennifer Arciniega C\u00e1ceres <\/strong><\/a>M. U. en Cultura Digital y Medios Emergentes (DiCEM) Universitat Pompeu Fabra, Barcelona<\/p>\t\t\t\t\t\t\t\t<\/div>\n\t\t\t\t\t<\/div>\n\t\t\t\t<\/div>\n\t\t\t\t<\/div>\n\t\t","protected":false},"excerpt":{"rendered":"<p>SOCIOS: PL\u00c0UDITE TEATRE &#8211; Espai d&#8217;Arts Esc\u00e8niques (Espa\u00f1a) &#8211; Coordinador ASOCIATIA TRANSCENA (Ruman\u00eda) PANELLINIO DIKTYO GIA TO THEATRO STIN EKPAIDEFSI \u2013 TENet-Gr (Greece) COLABORACI\u00d3N: Instituto Bisbe Berenguer en L&#8217;Hospitalet de Llobregat, Barcelona Marie-Monique Schaper Departamento de Ingenier\u00eda Inform\u00e1tica y Dise\u00f1o Digital, Escola Polit\u00e8cnica Superior, Universitat de Lleida Pilar Medina-Bravo M\u00e1ster en Investigaci\u00f3n e Innovaci\u00f3n en [&hellip;]<\/p>\n","protected":false},"author":1,"featured_media":0,"parent":0,"menu_order":0,"comment_status":"closed","ping_status":"closed","template":"","meta":{"footnotes":""},"class_list":["post-620","page","type-page","status-publish","hentry"],"_links":{"self":[{"href":"https:\/\/actfem.org\/es\/wp-json\/wp\/v2\/pages\/620","targetHints":{"allow":["GET"]}}],"collection":[{"href":"https:\/\/actfem.org\/es\/wp-json\/wp\/v2\/pages"}],"about":[{"href":"https:\/\/actfem.org\/es\/wp-json\/wp\/v2\/types\/page"}],"author":[{"embeddable":true,"href":"https:\/\/actfem.org\/es\/wp-json\/wp\/v2\/users\/1"}],"replies":[{"embeddable":true,"href":"https:\/\/actfem.org\/es\/wp-json\/wp\/v2\/comments?post=620"}],"version-history":[{"count":4,"href":"https:\/\/actfem.org\/es\/wp-json\/wp\/v2\/pages\/620\/revisions"}],"predecessor-version":[{"id":653,"href":"https:\/\/actfem.org\/es\/wp-json\/wp\/v2\/pages\/620\/revisions\/653"}],"wp:attachment":[{"href":"https:\/\/actfem.org\/es\/wp-json\/wp\/v2\/media?parent=620"}],"curies":[{"name":"wp","href":"https:\/\/api.w.org\/{rel}","templated":true}]}}